{"id":58,"date":"2017-07-11T14:38:59","date_gmt":"2017-07-11T12:38:59","guid":{"rendered":"https:\/\/www.pisanov.com\/?page_id=58"},"modified":"2017-10-03T15:20:20","modified_gmt":"2017-10-03T13:20:20","slug":"degustation-sur-place","status":"publish","type":"page","link":"https:\/\/www.pisanov.com\/bg\/degustation-sur-place\/","title":{"rendered":"D\u00e9couvrez nos \u00e9v\u00e9nements d\u00e9gustation"},"content":{"rendered":"<h2 style=\"text-align: left;\">Un <strong>VOYAGE<\/strong> Unique\u00a0!<\/h2>\n<p style=\"text-align: left;\"><em>MARDI LE 17\/10\/2017 DE 19h \u00c0 20h30<\/em><\/p>\n<p style=\"text-align: left;\"><strong>15 euros par personne avec des amuses bouches, 2 par personne .<\/strong><\/p>\n<ol>\n<li style=\"text-align: left;\">Vin AplauZ \u2013 2015 Viognier Sur Lie, Cave Villa Melnik .<br \/>\nMari\u00e9 avec\u00a0: Foie gras maison, marin\u00e9 aux \u00e9pices douce, gel\u00e9e de fleur du sureau.<\/li>\n<li style=\"text-align: left;\">Vin Orange \u2013 2016, Sauvignon blanc 2016, Cave Villa Melnik.<br \/>\nMari\u00e9 avec\u00a0: Cube de saumon marin\u00e9 LR \u00c9cosse, ananas caram\u00e9lis\u00e9, grains.<\/li>\n<li style=\"text-align: left;\">Vin Merul Mavrud 2014, Cave Rumellia.<br \/>\nMari\u00e9\u00a0avec\u00a0: Filet de porc seq \u00ab\u00a0Elena\u00a0\u00bb marin\u00e9 \u00e0 la sarriette, mini cassolette de<br \/>\nchampignons.<\/li>\n<li style=\"text-align: left;\">Vin Trastena ,Framboise et Merlot 2016 11,5\u00b0 alc, Cave Trastena.<br \/>\nMari\u00e9 avec\u00a0: Magret de canard, pur\u00e9e de betterave \u00e0 la framboise.<\/li>\n<li style=\"text-align: left;\">Vin Trastena, issus que de framboise Bio 2016 10,5\u00b0alc, Cave Trastena.<br \/>\nMari\u00e9 avec\u00a0: Fromage de brebis fermier \u00ab\u00a0Cashecavale\u00a0\u00bb, confiture des p\u00e9tales de<br \/>\nrose \u00e0 la framboise.<\/li>\n<\/ol>\n<p style=\"text-align: left;\"><em><strong>R\u00e9servation au Tel\u00a0: 0771871512, Les places sont limit\u00e9es\u00a0!<\/strong><\/em><\/p>\n","protected":false},"excerpt":{"rendered":"<p>Un VOYAGE Unique\u00a0! MARDI LE 17\/10\/2017 DE 19h \u00c0 20h30 15 euros par personne avec des amuses bouches, 2 par personne . Vin AplauZ \u2013 2015 Viognier Sur Lie, Cave Villa Melnik . Mari\u00e9 avec\u00a0: Foie gras maison, marin\u00e9 aux \u00e9pices douce, gel\u00e9e de fleur du sureau. Vin Orange \u2013 2016, Sauvignon blanc 2016, Cave<span class=\"excerpt-ellipsis\">&#8230;<\/span><\/p>\n<p><a class=\"more-link\" href=\"https:\/\/www.pisanov.com\/bg\/degustation-sur-place\/\" itemprop=\"url\">Continue Reading<\/a><\/p>\n","protected":false},"author":1,"featured_media":0,"parent":0,"menu_order":0,"comment_status":"closed","ping_status":"closed","template":"","meta":{"footnotes":""},"class_list":["post-58","page","type-page","status-publish","hentry"],"translation":{"provider":"WPGlobus","version":"3.0.0","language":"bg","enabled_languages":["fr","bg"],"languages":{"fr":{"title":true,"content":true,"excerpt":false},"bg":{"title":false,"content":false,"excerpt":false}}},"yoast_head":"<!-- This site is optimized with the Yoast SEO plugin v24.8 - https:\/\/yoast.com\/wordpress\/plugins\/seo\/ -->\n<title>D\u00e9couvrez nos \u00e9v\u00e9nements d\u00e9gustation - Pisanov<\/title>\n<meta name=\"robots\" content=\"index, follow, max-snippet:-1, max-image-preview:large, max-video-preview:-1\" \/>\n<link rel=\"canonical\" href=\"https:\/\/www.pisanov.com\/bg\/degustation-sur-place\/\" \/>\n<meta property=\"og:locale\" content=\"bg_BG\" \/>\n<meta property=\"og:type\" content=\"article\" \/>\n<meta property=\"og:title\" content=\"D\u00e9couvrez nos \u00e9v\u00e9nements d\u00e9gustation - Pisanov\" \/>\n<meta property=\"og:url\" content=\"https:\/\/www.pisanov.com\/bg\/degustation-sur-place\/\" \/>\n<meta property=\"og:site_name\" content=\"Pisanov\" \/>\n<meta property=\"article:modified_time\" content=\"2017-10-03T13:20:20+00:00\" \/>\n<meta name=\"twitter:card\" content=\"summary_large_image\" \/>\n<meta name=\"twitter:label1\" content=\"Est. reading time\" \/>\n\t<meta name=\"twitter:data1\" content=\"1 minute\" \/>\n<script type=\"application\/ld+json\" class=\"yoast-schema-graph\">{\"@context\":\"https:\/\/schema.org\",\"@graph\":[{\"@type\":\"WebPage\",\"@id\":\"https:\/\/www.pisanov.com\/bg\/degustation-sur-place\/\",\"url\":\"https:\/\/www.pisanov.com\/bg\/degustation-sur-place\/\",\"name\":\"D\u00e9couvrez nos \u00e9v\u00e9nements d\u00e9gustation - Pisanov\",\"isPartOf\":{\"@id\":\"https:\/\/www.pisanov.com\/#website\"},\"datePublished\":\"2017-07-11T12:38:59+00:00\",\"dateModified\":\"2017-10-03T13:20:20+00:00\",\"breadcrumb\":{\"@id\":\"https:\/\/www.pisanov.com\/bg\/degustation-sur-place\/#breadcrumb\"},\"inLanguage\":\"bg\",\"potentialAction\":[{\"@type\":\"ReadAction\",\"target\":[\"https:\/\/www.pisanov.com\/bg\/degustation-sur-place\/\"]}]},{\"@type\":\"BreadcrumbList\",\"@id\":\"https:\/\/www.pisanov.com\/bg\/degustation-sur-place\/#breadcrumb\",\"itemListElement\":[{\"@type\":\"ListItem\",\"position\":1,\"name\":\"Accueil\",\"item\":\"https:\/\/www.pisanov.com\/\"},{\"@type\":\"ListItem\",\"position\":2,\"name\":\"D\u00e9couvrez nos \u00e9v\u00e9nements d\u00e9gustation\"}]},{\"@type\":\"WebSite\",\"@id\":\"https:\/\/www.pisanov.com\/#website\",\"url\":\"https:\/\/www.pisanov.com\/\",\"name\":\"Pisanov\",\"description\":\"\u00c9picerie Fine &amp; Traiteur &amp; Bulgarien yogurt\",\"potentialAction\":[{\"@type\":\"SearchAction\",\"target\":{\"@type\":\"EntryPoint\",\"urlTemplate\":\"https:\/\/www.pisanov.com\/?s={search_term_string}\"},\"query-input\":{\"@type\":\"PropertyValueSpecification\",\"valueRequired\":true,\"valueName\":\"search_term_string\"}}],\"inLanguage\":\"bg\"}]}<\/script>\n<!-- \/ Yoast SEO plugin. -->","yoast_head_json":{"title":"D\u00e9couvrez nos \u00e9v\u00e9nements d\u00e9gustation - Pisanov","robots":{"index":"index","follow":"follow","max-snippet":"max-snippet:-1","max-image-preview":"max-image-preview:large","max-video-preview":"max-video-preview:-1"},"canonical":"https:\/\/www.pisanov.com\/bg\/degustation-sur-place\/","og_locale":"bg_BG","og_type":"article","og_title":"D\u00e9couvrez nos \u00e9v\u00e9nements d\u00e9gustation - Pisanov","og_url":"https:\/\/www.pisanov.com\/bg\/degustation-sur-place\/","og_site_name":"Pisanov","article_modified_time":"2017-10-03T13:20:20+00:00","twitter_card":"summary_large_image","twitter_misc":{"Est. reading time":"1 minute"},"schema":{"@context":"https:\/\/schema.org","@graph":[{"@type":"WebPage","@id":"https:\/\/www.pisanov.com\/bg\/degustation-sur-place\/","url":"https:\/\/www.pisanov.com\/bg\/degustation-sur-place\/","name":"D\u00e9couvrez nos \u00e9v\u00e9nements d\u00e9gustation - Pisanov","isPartOf":{"@id":"https:\/\/www.pisanov.com\/#website"},"datePublished":"2017-07-11T12:38:59+00:00","dateModified":"2017-10-03T13:20:20+00:00","breadcrumb":{"@id":"https:\/\/www.pisanov.com\/bg\/degustation-sur-place\/#breadcrumb"},"inLanguage":"bg","potentialAction":[{"@type":"ReadAction","target":["https:\/\/www.pisanov.com\/bg\/degustation-sur-place\/"]}]},{"@type":"BreadcrumbList","@id":"https:\/\/www.pisanov.com\/bg\/degustation-sur-place\/#breadcrumb","itemListElement":[{"@type":"ListItem","position":1,"name":"Accueil","item":"https:\/\/www.pisanov.com\/"},{"@type":"ListItem","position":2,"name":"D\u00e9couvrez nos \u00e9v\u00e9nements d\u00e9gustation"}]},{"@type":"WebSite","@id":"https:\/\/www.pisanov.com\/#website","url":"https:\/\/www.pisanov.com\/","name":"Pisanov","description":"\u00c9picerie Fine &amp; Traiteur &amp; Bulgarien yogurt","potentialAction":[{"@type":"SearchAction","target":{"@type":"EntryPoint","urlTemplate":"https:\/\/www.pisanov.com\/?s={search_term_string}"},"query-input":{"@type":"PropertyValueSpecification","valueRequired":true,"valueName":"search_term_string"}}],"inLanguage":"bg"}]}},"_links":{"self":[{"href":"https:\/\/www.pisanov.com\/bg\/wp-json\/wp\/v2\/pages\/58","targetHints":{"allow":["GET"]}}],"collection":[{"href":"https:\/\/www.pisanov.com\/bg\/wp-json\/wp\/v2\/pages"}],"about":[{"href":"https:\/\/www.pisanov.com\/bg\/wp-json\/wp\/v2\/types\/page"}],"author":[{"embeddable":true,"href":"https:\/\/www.pisanov.com\/bg\/wp-json\/wp\/v2\/users\/1"}],"replies":[{"embeddable":true,"href":"https:\/\/www.pisanov.com\/bg\/wp-json\/wp\/v2\/comments?post=58"}],"version-history":[{"count":9,"href":"https:\/\/www.pisanov.com\/bg\/wp-json\/wp\/v2\/pages\/58\/revisions"}],"predecessor-version":[{"id":656,"href":"https:\/\/www.pisanov.com\/bg\/wp-json\/wp\/v2\/pages\/58\/revisions\/656"}],"wp:attachment":[{"href":"https:\/\/www.pisanov.com\/bg\/wp-json\/wp\/v2\/media?parent=58"}],"curies":[{"name":"wp","href":"https:\/\/api.w.org\/{rel}","templated":true}]}}