{"id":178,"date":"2017-08-08T16:19:38","date_gmt":"2017-08-08T14:19:38","guid":{"rendered":"https:\/\/www.pisanov.com\/?page_id=178"},"modified":"2019-09-25T10:12:27","modified_gmt":"2019-09-25T08:12:27","slug":"charcuteries","status":"publish","type":"page","link":"https:\/\/www.pisanov.com\/bg\/charcuteries\/","title":{"rendered":"\u041a\u041e\u041b\u0411\u0410\u0421\u0418, \u0421\u0423\u0420\u041e\u0412\u041e \u0421\u0423\u0428\u0415\u041d\u0418 \u0414\u0415\u041b\u0418\u041a\u0410\u0422\u0415\u0421\u0418 &#8220;\u0425\u0421\u0422\u0425&#8221;"},"content":{"rendered":"<figure id=\"attachment_188\" aria-describedby=\"caption-attachment-188\" style=\"width: 300px\" class=\"wp-caption alignnone\"><img loading=\"lazy\" decoding=\"async\" class=\"size-medium wp-image-188\" src=\"https:\/\/www.pisanov.com\/wp-content\/uploads\/2017\/08\/DSC_0059-e1502204180478-300x300.jpg\" alt=\"ROUL\u00c9 TRAPEZITSA IGP | \u00c9chine de porc marin\u00e9e au poivre et ail dans un boyau de b\u0153uf.\" width=\"300\" height=\"300\" srcset=\"https:\/\/www.pisanov.com\/wp-content\/uploads\/2017\/08\/DSC_0059-e1502204180478-300x300.jpg 300w, https:\/\/www.pisanov.com\/wp-content\/uploads\/2017\/08\/DSC_0059-e1502204180478-150x150.jpg 150w, https:\/\/www.pisanov.com\/wp-content\/uploads\/2017\/08\/DSC_0059-e1502204180478.jpg 675w\" sizes=\"auto, (max-width: 300px) 100vw, 300px\" \/><figcaption id=\"caption-attachment-188\" class=\"wp-caption-text\">ROUL\u00c9 TRAPEZITSA IGP | \u00c9chine de porc marin\u00e9e au poivre et ail dans un boyau de b\u0153uf.<\/figcaption><\/figure>\n<figure id=\"attachment_185\" aria-describedby=\"caption-attachment-185\" style=\"width: 169px\" class=\"wp-caption alignnone\"><img loading=\"lazy\" decoding=\"async\" class=\"wp-image-185 size-medium\" src=\"https:\/\/www.pisanov.com\/wp-content\/uploads\/2017\/08\/DSC_0050-169x300.jpg\" alt=\"SAUCISSE DE GIBIER | 45% de cerf et 55% porc.\" width=\"169\" height=\"300\" \/><figcaption id=\"caption-attachment-185\" class=\"wp-caption-text\">SAUCISSE DE GIBIER | 45% de cerf et 55% porc.<\/figcaption><\/figure>\n<figure id=\"attachment_184\" aria-describedby=\"caption-attachment-184\" style=\"width: 169px\" class=\"wp-caption alignnone\"><img loading=\"lazy\" decoding=\"async\" class=\"size-medium wp-image-184\" src=\"https:\/\/www.pisanov.com\/wp-content\/uploads\/2017\/08\/DSC_0049-169x300.jpg\" alt=\"KA\u00cfSER PASTARMA | Faux filet de b\u0153uf marin\u00e9 s\u00e9ch\u00e9 aux paprika.\" width=\"169\" height=\"300\" srcset=\"https:\/\/www.pisanov.com\/wp-content\/uploads\/2017\/08\/DSC_0049-169x300.jpg 169w, https:\/\/www.pisanov.com\/wp-content\/uploads\/2017\/08\/DSC_0049-576x1024.jpg 576w, https:\/\/www.pisanov.com\/wp-content\/uploads\/2017\/08\/DSC_0049.jpg 675w\" sizes=\"auto, (max-width: 169px) 100vw, 169px\" \/><figcaption id=\"caption-attachment-184\" class=\"wp-caption-text\">KA\u00cfSER PASTARMA | Faux filet de b\u0153uf marin\u00e9 s\u00e9ch\u00e9 aux paprika.<\/figcaption><\/figure>\n<figure id=\"attachment_182\" aria-describedby=\"caption-attachment-182\" style=\"width: 169px\" class=\"wp-caption alignnone\"><img loading=\"lazy\" decoding=\"async\" class=\"size-medium wp-image-182\" src=\"https:\/\/www.pisanov.com\/wp-content\/uploads\/2017\/08\/DSC_0047-169x300.jpg\" alt=\"SOUDJOUK DE BOEUF G.O | pisanov.com | Charcuterie\" width=\"169\" height=\"300\" srcset=\"https:\/\/www.pisanov.com\/wp-content\/uploads\/2017\/08\/DSC_0047-169x300.jpg 169w, https:\/\/www.pisanov.com\/wp-content\/uploads\/2017\/08\/DSC_0047-576x1024.jpg 576w, https:\/\/www.pisanov.com\/wp-content\/uploads\/2017\/08\/DSC_0047.jpg 675w\" sizes=\"auto, (max-width: 169px) 100vw, 169px\" \/><figcaption id=\"caption-attachment-182\" class=\"wp-caption-text\">SOUDJOUK DE BOEUF G.O | pisanov.com | Charcuterie<\/figcaption><\/figure>\n<figure id=\"attachment_180\" aria-describedby=\"caption-attachment-180\" style=\"width: 169px\" class=\"wp-caption alignnone\"><img loading=\"lazy\" decoding=\"async\" class=\"size-medium wp-image-180\" src=\"https:\/\/www.pisanov.com\/wp-content\/uploads\/2017\/08\/CARCUTERIE-169x300.jpg\" alt=\"DRIANOVSKA | Saucisson sec de porc et boeuf aux cumin.\" width=\"169\" height=\"300\" srcset=\"https:\/\/www.pisanov.com\/wp-content\/uploads\/2017\/08\/CARCUTERIE-169x300.jpg 169w, https:\/\/www.pisanov.com\/wp-content\/uploads\/2017\/08\/CARCUTERIE-576x1024.jpg 576w, https:\/\/www.pisanov.com\/wp-content\/uploads\/2017\/08\/CARCUTERIE.jpg 675w\" sizes=\"auto, (max-width: 169px) 100vw, 169px\" \/><figcaption id=\"caption-attachment-180\" class=\"wp-caption-text\">DRIANOVSKA | Saucisson sec de porc et boeuf aux cumin.<\/figcaption><\/figure>\n<figure id=\"attachment_181\" aria-describedby=\"caption-attachment-181\" style=\"width: 169px\" class=\"wp-caption alignnone\"><img loading=\"lazy\" decoding=\"async\" class=\"size-medium wp-image-181\" src=\"https:\/\/www.pisanov.com\/wp-content\/uploads\/2017\/08\/DSC_0046-169x300.jpg\" alt=\"VRAT TRAKIA IGP | \u00c9chine de porc s\u00e9ch\u00e9e marin\u00e9e au vin blanc et paprika.\" width=\"169\" height=\"300\" srcset=\"https:\/\/www.pisanov.com\/wp-content\/uploads\/2017\/08\/DSC_0046-169x300.jpg 169w, https:\/\/www.pisanov.com\/wp-content\/uploads\/2017\/08\/DSC_0046-576x1024.jpg 576w, https:\/\/www.pisanov.com\/wp-content\/uploads\/2017\/08\/DSC_0046.jpg 675w\" sizes=\"auto, (max-width: 169px) 100vw, 169px\" \/><figcaption id=\"caption-attachment-181\" class=\"wp-caption-text\">VRAT TRAKIA IGP | \u00c9chine de porc s\u00e9ch\u00e9e marin\u00e9e au vin blanc et paprika.<\/figcaption><\/figure>\n<figure id=\"attachment_179\" aria-describedby=\"caption-attachment-179\" style=\"width: 300px\" class=\"wp-caption alignnone\"><img loading=\"lazy\" decoding=\"async\" class=\"size-medium wp-image-179\" src=\"https:\/\/www.pisanov.com\/wp-content\/uploads\/2017\/08\/FILET-ELENA-e1502204203502-300x300.jpg\" alt=\"FILET ELENA IGP Faux filet de porc s\u00e9ch\u00e9 et marin\u00e9 \u00e0 la sarriette. IGP\" width=\"300\" height=\"300\" srcset=\"https:\/\/www.pisanov.com\/wp-content\/uploads\/2017\/08\/FILET-ELENA-e1502204203502-300x300.jpg 300w, https:\/\/www.pisanov.com\/wp-content\/uploads\/2017\/08\/FILET-ELENA-e1502204203502-150x150.jpg 150w, https:\/\/www.pisanov.com\/wp-content\/uploads\/2017\/08\/FILET-ELENA-e1502204203502.jpg 501w\" sizes=\"auto, (max-width: 300px) 100vw, 300px\" \/><figcaption id=\"caption-attachment-179\" class=\"wp-caption-text\">FILET ELENA IGP | Faux filet de porc s\u00e9ch\u00e9 et marin\u00e9 \u00e0 la sarriette. IGP<\/figcaption><\/figure>\n","protected":false},"excerpt":{"rendered":"","protected":false},"author":1,"featured_media":0,"parent":0,"menu_order":0,"comment_status":"closed","ping_status":"closed","template":"","meta":{"footnotes":""},"class_list":["post-178","page","type-page","status-publish","hentry"],"translation":{"provider":"WPGlobus","version":"3.0.0","language":"bg","enabled_languages":["fr","bg"],"languages":{"fr":{"title":true,"content":true,"excerpt":false},"bg":{"title":true,"content":true,"excerpt":false}}},"yoast_head":"<!-- This site is optimized with the Yoast SEO plugin v24.8 - https:\/\/yoast.com\/wordpress\/plugins\/seo\/ -->\n<title>\u041a\u041e\u041b\u0411\u0410\u0421\u0418, \u0421\u0423\u0420\u041e\u0412\u041e \u0421\u0423\u0428\u0415\u041d\u0418 \u0414\u0415\u041b\u0418\u041a\u0410\u0422\u0415\u0421\u0418 &quot;\u0425\u0421\u0422\u0425&quot;  - Pisanov<\/title>\n<meta name=\"robots\" content=\"index, follow, max-snippet:-1, max-image-preview:large, max-video-preview:-1\" \/>\n<link rel=\"canonical\" href=\"https:\/\/www.pisanov.com\/charcuteries\/\" \/>\n<meta property=\"og:locale\" content=\"bg_BG\" \/>\n<meta property=\"og:type\" content=\"article\" \/>\n<meta property=\"og:title\" content=\"\u041a\u041e\u041b\u0411\u0410\u0421\u0418, \u0421\u0423\u0420\u041e\u0412\u041e \u0421\u0423\u0428\u0415\u041d\u0418 \u0414\u0415\u041b\u0418\u041a\u0410\u0422\u0415\u0421\u0418 &quot;\u0425\u0421\u0422\u0425&quot;  - Pisanov\" \/>\n<meta property=\"og:url\" content=\"https:\/\/www.pisanov.com\/charcuteries\/\" \/>\n<meta property=\"og:site_name\" content=\"Pisanov\" \/>\n<meta property=\"article:modified_time\" content=\"2019-09-25T08:12:27+00:00\" \/>\n<meta property=\"og:image\" content=\"https:\/\/www.pisanov.com\/wp-content\/uploads\/2019\/02\/0006132_suduk-dobrudanski-orehite_415-300x300.jpeg\" \/>\n<meta name=\"twitter:card\" content=\"summary_large_image\" \/>\n<meta name=\"twitter:label1\" content=\"Est. reading time\" \/>\n\t<meta name=\"twitter:data1\" content=\"1 minute\" \/>\n<script type=\"application\/ld+json\" class=\"yoast-schema-graph\">{\"@context\":\"https:\/\/schema.org\",\"@graph\":[{\"@type\":\"WebPage\",\"@id\":\"https:\/\/www.pisanov.com\/charcuteries\/\",\"url\":\"https:\/\/www.pisanov.com\/charcuteries\/\",\"name\":\"\u041a\u041e\u041b\u0411\u0410\u0421\u0418, \u0421\u0423\u0420\u041e\u0412\u041e \u0421\u0423\u0428\u0415\u041d\u0418 \u0414\u0415\u041b\u0418\u041a\u0410\u0422\u0415\u0421\u0418 \\\"\u0425\u0421\u0422\u0425\\\" - Pisanov\",\"isPartOf\":{\"@id\":\"https:\/\/www.pisanov.com\/#website\"},\"primaryImageOfPage\":{\"@id\":\"https:\/\/www.pisanov.com\/charcuteries\/#primaryimage\"},\"image\":{\"@id\":\"https:\/\/www.pisanov.com\/charcuteries\/#primaryimage\"},\"thumbnailUrl\":\"https:\/\/www.pisanov.com\/wp-content\/uploads\/2017\/08\/DSC_0059-e1502204180478-300x300.jpg\",\"datePublished\":\"2017-08-08T14:19:38+00:00\",\"dateModified\":\"2019-09-25T08:12:27+00:00\",\"breadcrumb\":{\"@id\":\"https:\/\/www.pisanov.com\/charcuteries\/#breadcrumb\"},\"inLanguage\":\"bg\",\"potentialAction\":[{\"@type\":\"ReadAction\",\"target\":[\"https:\/\/www.pisanov.com\/charcuteries\/\"]}]},{\"@type\":\"ImageObject\",\"inLanguage\":\"bg\",\"@id\":\"https:\/\/www.pisanov.com\/charcuteries\/#primaryimage\",\"url\":\"https:\/\/www.pisanov.com\/wp-content\/uploads\/2017\/08\/DSC_0059-e1502204180478-300x300.jpg\",\"contentUrl\":\"https:\/\/www.pisanov.com\/wp-content\/uploads\/2017\/08\/DSC_0059-e1502204180478-300x300.jpg\"},{\"@type\":\"BreadcrumbList\",\"@id\":\"https:\/\/www.pisanov.com\/charcuteries\/#breadcrumb\",\"itemListElement\":[{\"@type\":\"ListItem\",\"position\":1,\"name\":\"Accueil\",\"item\":\"https:\/\/www.pisanov.com\/\"},{\"@type\":\"ListItem\",\"position\":2,\"name\":\"Charcuteries\"}]},{\"@type\":\"WebSite\",\"@id\":\"https:\/\/www.pisanov.com\/#website\",\"url\":\"https:\/\/www.pisanov.com\/\",\"name\":\"Pisanov\",\"description\":\"\u00c9picerie Fine &amp; Traiteur &amp; Bulgarien yogurt\",\"potentialAction\":[{\"@type\":\"SearchAction\",\"target\":{\"@type\":\"EntryPoint\",\"urlTemplate\":\"https:\/\/www.pisanov.com\/?s={search_term_string}\"},\"query-input\":{\"@type\":\"PropertyValueSpecification\",\"valueRequired\":true,\"valueName\":\"search_term_string\"}}],\"inLanguage\":\"bg\"}]}<\/script>\n<!-- \/ Yoast SEO plugin. -->","yoast_head_json":{"title":"\u041a\u041e\u041b\u0411\u0410\u0421\u0418, \u0421\u0423\u0420\u041e\u0412\u041e \u0421\u0423\u0428\u0415\u041d\u0418 \u0414\u0415\u041b\u0418\u041a\u0410\u0422\u0415\u0421\u0418 \"\u0425\u0421\u0422\u0425\"  - Pisanov","robots":{"index":"index","follow":"follow","max-snippet":"max-snippet:-1","max-image-preview":"max-image-preview:large","max-video-preview":"max-video-preview:-1"},"canonical":"https:\/\/www.pisanov.com\/charcuteries\/","og_locale":"bg_BG","og_type":"article","og_title":"\u041a\u041e\u041b\u0411\u0410\u0421\u0418, \u0421\u0423\u0420\u041e\u0412\u041e \u0421\u0423\u0428\u0415\u041d\u0418 \u0414\u0415\u041b\u0418\u041a\u0410\u0422\u0415\u0421\u0418 \"\u0425\u0421\u0422\u0425\"  - Pisanov","og_url":"https:\/\/www.pisanov.com\/charcuteries\/","og_site_name":"Pisanov","article_modified_time":"2019-09-25T08:12:27+00:00","og_image":[{"url":"https:\/\/www.pisanov.com\/wp-content\/uploads\/2019\/02\/0006132_suduk-dobrudanski-orehite_415-300x300.jpeg","type":"","width":"","height":""}],"twitter_card":"summary_large_image","twitter_misc":{"Est. reading time":"1 minute"},"schema":{"@context":"https:\/\/schema.org","@graph":[{"@type":"WebPage","@id":"https:\/\/www.pisanov.com\/charcuteries\/","url":"https:\/\/www.pisanov.com\/charcuteries\/","name":"\u041a\u041e\u041b\u0411\u0410\u0421\u0418, \u0421\u0423\u0420\u041e\u0412\u041e \u0421\u0423\u0428\u0415\u041d\u0418 \u0414\u0415\u041b\u0418\u041a\u0410\u0422\u0415\u0421\u0418 \"\u0425\u0421\u0422\u0425\" - Pisanov","isPartOf":{"@id":"https:\/\/www.pisanov.com\/#website"},"primaryImageOfPage":{"@id":"https:\/\/www.pisanov.com\/charcuteries\/#primaryimage"},"image":{"@id":"https:\/\/www.pisanov.com\/charcuteries\/#primaryimage"},"thumbnailUrl":"https:\/\/www.pisanov.com\/wp-content\/uploads\/2017\/08\/DSC_0059-e1502204180478-300x300.jpg","datePublished":"2017-08-08T14:19:38+00:00","dateModified":"2019-09-25T08:12:27+00:00","breadcrumb":{"@id":"https:\/\/www.pisanov.com\/charcuteries\/#breadcrumb"},"inLanguage":"bg","potentialAction":[{"@type":"ReadAction","target":["https:\/\/www.pisanov.com\/charcuteries\/"]}]},{"@type":"ImageObject","inLanguage":"bg","@id":"https:\/\/www.pisanov.com\/charcuteries\/#primaryimage","url":"https:\/\/www.pisanov.com\/wp-content\/uploads\/2017\/08\/DSC_0059-e1502204180478-300x300.jpg","contentUrl":"https:\/\/www.pisanov.com\/wp-content\/uploads\/2017\/08\/DSC_0059-e1502204180478-300x300.jpg"},{"@type":"BreadcrumbList","@id":"https:\/\/www.pisanov.com\/charcuteries\/#breadcrumb","itemListElement":[{"@type":"ListItem","position":1,"name":"Accueil","item":"https:\/\/www.pisanov.com\/"},{"@type":"ListItem","position":2,"name":"Charcuteries"}]},{"@type":"WebSite","@id":"https:\/\/www.pisanov.com\/#website","url":"https:\/\/www.pisanov.com\/","name":"Pisanov","description":"\u00c9picerie Fine &amp; Traiteur &amp; Bulgarien yogurt","potentialAction":[{"@type":"SearchAction","target":{"@type":"EntryPoint","urlTemplate":"https:\/\/www.pisanov.com\/?s={search_term_string}"},"query-input":{"@type":"PropertyValueSpecification","valueRequired":true,"valueName":"search_term_string"}}],"inLanguage":"bg"}]}},"_links":{"self":[{"href":"https:\/\/www.pisanov.com\/bg\/wp-json\/wp\/v2\/pages\/178","targetHints":{"allow":["GET"]}}],"collection":[{"href":"https:\/\/www.pisanov.com\/bg\/wp-json\/wp\/v2\/pages"}],"about":[{"href":"https:\/\/www.pisanov.com\/bg\/wp-json\/wp\/v2\/types\/page"}],"author":[{"embeddable":true,"href":"https:\/\/www.pisanov.com\/bg\/wp-json\/wp\/v2\/users\/1"}],"replies":[{"embeddable":true,"href":"https:\/\/www.pisanov.com\/bg\/wp-json\/wp\/v2\/comments?post=178"}],"version-history":[{"count":7,"href":"https:\/\/www.pisanov.com\/bg\/wp-json\/wp\/v2\/pages\/178\/revisions"}],"predecessor-version":[{"id":2552,"href":"https:\/\/www.pisanov.com\/bg\/wp-json\/wp\/v2\/pages\/178\/revisions\/2552"}],"wp:attachment":[{"href":"https:\/\/www.pisanov.com\/bg\/wp-json\/wp\/v2\/media?parent=178"}],"curies":[{"name":"wp","href":"https:\/\/api.w.org\/{rel}","templated":true}]}}