{"id":160,"date":"2017-07-27T16:21:03","date_gmt":"2017-07-27T14:21:03","guid":{"rendered":"https:\/\/www.pisanov.com\/?page_id=160"},"modified":"2018-06-30T18:58:49","modified_gmt":"2018-06-30T16:58:49","slug":"espace-professionnel","status":"publish","type":"page","link":"https:\/\/www.pisanov.com\/bg\/espace-professionnel\/","title":{"rendered":"Espace Professionnel"},"content":{"rendered":"<p>Nous proposons nos produits en livraison pour les professionnels de la restauration, restaurants, chefs cuisiniers, traiteurs, \u00e9piceries sur Paris et \u00eele-de-France.<\/p>\n<p>Tous nos produits sont s\u00e9lectionn\u00e9s directement chez le producteur afin de garantir leur authenticit\u00e9 et leur qualit\u00e9. Nous avons \u00e9galement des exclusivit\u00e9s pour la vente en France sur nos fromages bio, l&#8217;eau Rose Drops, vins Trastena, charcuteries Tandem.<\/p>\n<p>Vous pouvez nous contacter pour plus d&#8217;informations.<\/p>\n<hr \/>\n<h2>Importateurs\u00a0officiels en France du vin Trastena.<\/h2>\n<p><a href=\"https:\/\/www.pisanov.com\/wp-content\/uploads\/2017\/07\/20180607_trastena_french_flyer-01v2.jpg\"><img loading=\"lazy\" decoding=\"async\" class=\"alignnone wp-image-662 size-large\" src=\"https:\/\/www.pisanov.com\/wp-content\/uploads\/2017\/07\/20180607_trastena_french_flyer-01v2-1024x732.jpg\" alt=\"\" width=\"1024\" height=\"732\" srcset=\"https:\/\/www.pisanov.com\/wp-content\/uploads\/2017\/07\/20180607_trastena_french_flyer-01v2-1024x732.jpg 1024w, https:\/\/www.pisanov.com\/wp-content\/uploads\/2017\/07\/20180607_trastena_french_flyer-01v2-300x215.jpg 300w, https:\/\/www.pisanov.com\/wp-content\/uploads\/2017\/07\/20180607_trastena_french_flyer-01v2-768x549.jpg 768w, https:\/\/www.pisanov.com\/wp-content\/uploads\/2017\/07\/20180607_trastena_french_flyer-01v2-600x429.jpg 600w, https:\/\/www.pisanov.com\/wp-content\/uploads\/2017\/07\/20180607_trastena_french_flyer-01v2-1140x815.jpg 1140w, https:\/\/www.pisanov.com\/wp-content\/uploads\/2017\/07\/20180607_trastena_french_flyer-01v2.jpg 1200w\" sizes=\"auto, (max-width: 1024px) 100vw, 1024px\" \/><\/a> <a href=\"https:\/\/www.pisanov.com\/wp-content\/uploads\/2017\/07\/20180607_trastena_french_flyer-02v2.jpg\"><img loading=\"lazy\" decoding=\"async\" class=\"alignnone size-large wp-image-663\" src=\"https:\/\/www.pisanov.com\/wp-content\/uploads\/2017\/07\/20180607_trastena_french_flyer-02v2-1024x731.jpg\" alt=\"\" width=\"1024\" height=\"731\" srcset=\"https:\/\/www.pisanov.com\/wp-content\/uploads\/2017\/07\/20180607_trastena_french_flyer-02v2-1024x731.jpg 1024w, https:\/\/www.pisanov.com\/wp-content\/uploads\/2017\/07\/20180607_trastena_french_flyer-02v2-300x214.jpg 300w, https:\/\/www.pisanov.com\/wp-content\/uploads\/2017\/07\/20180607_trastena_french_flyer-02v2-768x548.jpg 768w, https:\/\/www.pisanov.com\/wp-content\/uploads\/2017\/07\/20180607_trastena_french_flyer-02v2-600x429.jpg 600w, https:\/\/www.pisanov.com\/wp-content\/uploads\/2017\/07\/20180607_trastena_french_flyer-02v2-1140x814.jpg 1140w, https:\/\/www.pisanov.com\/wp-content\/uploads\/2017\/07\/20180607_trastena_french_flyer-02v2.jpg 1200w\" sizes=\"auto, (max-width: 1024px) 100vw, 1024px\" \/><\/a><\/p>\n","protected":false},"excerpt":{"rendered":"<p>Nous proposons nos produits en livraison pour les professionnels de la restauration, restaurants, chefs cuisiniers, traiteurs, \u00e9piceries sur Paris et \u00eele-de-France. Tous nos produits sont s\u00e9lectionn\u00e9s directement chez le producteur afin de garantir leur authenticit\u00e9 et leur qualit\u00e9. Nous avons \u00e9galement des exclusivit\u00e9s pour la vente en France sur nos fromages bio, l&#8217;eau Rose Drops,<span class=\"excerpt-ellipsis\">&#8230;<\/span><\/p>\n<p><a class=\"more-link\" href=\"https:\/\/www.pisanov.com\/bg\/espace-professionnel\/\" itemprop=\"url\">Continue Reading<\/a><\/p>\n","protected":false},"author":1,"featured_media":0,"parent":0,"menu_order":0,"comment_status":"closed","ping_status":"closed","template":"","meta":{"footnotes":""},"class_list":["post-160","page","type-page","status-publish","hentry"],"translation":{"provider":"WPGlobus","version":"3.0.0","language":"bg","enabled_languages":["fr","bg"],"languages":{"fr":{"title":true,"content":true,"excerpt":false},"bg":{"title":false,"content":false,"excerpt":false}}},"yoast_head":"<!-- This site is optimized with the Yoast SEO plugin v24.8 - https:\/\/yoast.com\/wordpress\/plugins\/seo\/ -->\n<title>Espace Professionnel - Pisanov<\/title>\n<meta name=\"robots\" content=\"index, follow, max-snippet:-1, max-image-preview:large, max-video-preview:-1\" \/>\n<link rel=\"canonical\" href=\"https:\/\/www.pisanov.com\/bg\/espace-professionnel\/\" \/>\n<meta property=\"og:locale\" content=\"bg_BG\" \/>\n<meta property=\"og:type\" content=\"article\" \/>\n<meta property=\"og:title\" content=\"Espace Professionnel - Pisanov\" \/>\n<meta property=\"og:url\" content=\"https:\/\/www.pisanov.com\/bg\/espace-professionnel\/\" \/>\n<meta property=\"og:site_name\" content=\"Pisanov\" \/>\n<meta property=\"article:modified_time\" content=\"2018-06-30T16:58:49+00:00\" \/>\n<meta property=\"og:image\" content=\"https:\/\/www.pisanov.com\/wp-content\/uploads\/2017\/07\/20180607_trastena_french_flyer-01v2-1024x732.jpg\" \/>\n<meta name=\"twitter:card\" content=\"summary_large_image\" \/>\n<script type=\"application\/ld+json\" class=\"yoast-schema-graph\">{\"@context\":\"https:\/\/schema.org\",\"@graph\":[{\"@type\":\"WebPage\",\"@id\":\"https:\/\/www.pisanov.com\/bg\/espace-professionnel\/\",\"url\":\"https:\/\/www.pisanov.com\/bg\/espace-professionnel\/\",\"name\":\"Espace Professionnel - Pisanov\",\"isPartOf\":{\"@id\":\"https:\/\/www.pisanov.com\/#website\"},\"primaryImageOfPage\":{\"@id\":\"https:\/\/www.pisanov.com\/bg\/espace-professionnel\/#primaryimage\"},\"image\":{\"@id\":\"https:\/\/www.pisanov.com\/bg\/espace-professionnel\/#primaryimage\"},\"thumbnailUrl\":\"https:\/\/www.pisanov.com\/wp-content\/uploads\/2017\/07\/20180607_trastena_french_flyer-01v2-1024x732.jpg\",\"datePublished\":\"2017-07-27T14:21:03+00:00\",\"dateModified\":\"2018-06-30T16:58:49+00:00\",\"breadcrumb\":{\"@id\":\"https:\/\/www.pisanov.com\/bg\/espace-professionnel\/#breadcrumb\"},\"inLanguage\":\"bg\",\"potentialAction\":[{\"@type\":\"ReadAction\",\"target\":[\"https:\/\/www.pisanov.com\/bg\/espace-professionnel\/\"]}]},{\"@type\":\"ImageObject\",\"inLanguage\":\"bg\",\"@id\":\"https:\/\/www.pisanov.com\/bg\/espace-professionnel\/#primaryimage\",\"url\":\"https:\/\/www.pisanov.com\/wp-content\/uploads\/2017\/07\/20180607_trastena_french_flyer-01v2-1024x732.jpg\",\"contentUrl\":\"https:\/\/www.pisanov.com\/wp-content\/uploads\/2017\/07\/20180607_trastena_french_flyer-01v2-1024x732.jpg\"},{\"@type\":\"BreadcrumbList\",\"@id\":\"https:\/\/www.pisanov.com\/bg\/espace-professionnel\/#breadcrumb\",\"itemListElement\":[{\"@type\":\"ListItem\",\"position\":1,\"name\":\"Accueil\",\"item\":\"https:\/\/www.pisanov.com\/\"},{\"@type\":\"ListItem\",\"position\":2,\"name\":\"Espace Professionnel\"}]},{\"@type\":\"WebSite\",\"@id\":\"https:\/\/www.pisanov.com\/#website\",\"url\":\"https:\/\/www.pisanov.com\/\",\"name\":\"Pisanov\",\"description\":\"\u00c9picerie Fine &amp; Traiteur &amp; Bulgarien yogurt\",\"potentialAction\":[{\"@type\":\"SearchAction\",\"target\":{\"@type\":\"EntryPoint\",\"urlTemplate\":\"https:\/\/www.pisanov.com\/?s={search_term_string}\"},\"query-input\":{\"@type\":\"PropertyValueSpecification\",\"valueRequired\":true,\"valueName\":\"search_term_string\"}}],\"inLanguage\":\"bg\"}]}<\/script>\n<!-- \/ Yoast SEO plugin. -->","yoast_head_json":{"title":"Espace Professionnel - Pisanov","robots":{"index":"index","follow":"follow","max-snippet":"max-snippet:-1","max-image-preview":"max-image-preview:large","max-video-preview":"max-video-preview:-1"},"canonical":"https:\/\/www.pisanov.com\/bg\/espace-professionnel\/","og_locale":"bg_BG","og_type":"article","og_title":"Espace Professionnel - Pisanov","og_url":"https:\/\/www.pisanov.com\/bg\/espace-professionnel\/","og_site_name":"Pisanov","article_modified_time":"2018-06-30T16:58:49+00:00","og_image":[{"url":"https:\/\/www.pisanov.com\/wp-content\/uploads\/2017\/07\/20180607_trastena_french_flyer-01v2-1024x732.jpg","type":"","width":"","height":""}],"twitter_card":"summary_large_image","schema":{"@context":"https:\/\/schema.org","@graph":[{"@type":"WebPage","@id":"https:\/\/www.pisanov.com\/bg\/espace-professionnel\/","url":"https:\/\/www.pisanov.com\/bg\/espace-professionnel\/","name":"Espace Professionnel - Pisanov","isPartOf":{"@id":"https:\/\/www.pisanov.com\/#website"},"primaryImageOfPage":{"@id":"https:\/\/www.pisanov.com\/bg\/espace-professionnel\/#primaryimage"},"image":{"@id":"https:\/\/www.pisanov.com\/bg\/espace-professionnel\/#primaryimage"},"thumbnailUrl":"https:\/\/www.pisanov.com\/wp-content\/uploads\/2017\/07\/20180607_trastena_french_flyer-01v2-1024x732.jpg","datePublished":"2017-07-27T14:21:03+00:00","dateModified":"2018-06-30T16:58:49+00:00","breadcrumb":{"@id":"https:\/\/www.pisanov.com\/bg\/espace-professionnel\/#breadcrumb"},"inLanguage":"bg","potentialAction":[{"@type":"ReadAction","target":["https:\/\/www.pisanov.com\/bg\/espace-professionnel\/"]}]},{"@type":"ImageObject","inLanguage":"bg","@id":"https:\/\/www.pisanov.com\/bg\/espace-professionnel\/#primaryimage","url":"https:\/\/www.pisanov.com\/wp-content\/uploads\/2017\/07\/20180607_trastena_french_flyer-01v2-1024x732.jpg","contentUrl":"https:\/\/www.pisanov.com\/wp-content\/uploads\/2017\/07\/20180607_trastena_french_flyer-01v2-1024x732.jpg"},{"@type":"BreadcrumbList","@id":"https:\/\/www.pisanov.com\/bg\/espace-professionnel\/#breadcrumb","itemListElement":[{"@type":"ListItem","position":1,"name":"Accueil","item":"https:\/\/www.pisanov.com\/"},{"@type":"ListItem","position":2,"name":"Espace Professionnel"}]},{"@type":"WebSite","@id":"https:\/\/www.pisanov.com\/#website","url":"https:\/\/www.pisanov.com\/","name":"Pisanov","description":"\u00c9picerie Fine &amp; Traiteur &amp; Bulgarien yogurt","potentialAction":[{"@type":"SearchAction","target":{"@type":"EntryPoint","urlTemplate":"https:\/\/www.pisanov.com\/?s={search_term_string}"},"query-input":{"@type":"PropertyValueSpecification","valueRequired":true,"valueName":"search_term_string"}}],"inLanguage":"bg"}]}},"_links":{"self":[{"href":"https:\/\/www.pisanov.com\/bg\/wp-json\/wp\/v2\/pages\/160","targetHints":{"allow":["GET"]}}],"collection":[{"href":"https:\/\/www.pisanov.com\/bg\/wp-json\/wp\/v2\/pages"}],"about":[{"href":"https:\/\/www.pisanov.com\/bg\/wp-json\/wp\/v2\/types\/page"}],"author":[{"embeddable":true,"href":"https:\/\/www.pisanov.com\/bg\/wp-json\/wp\/v2\/users\/1"}],"replies":[{"embeddable":true,"href":"https:\/\/www.pisanov.com\/bg\/wp-json\/wp\/v2\/comments?post=160"}],"version-history":[{"count":6,"href":"https:\/\/www.pisanov.com\/bg\/wp-json\/wp\/v2\/pages\/160\/revisions"}],"predecessor-version":[{"id":666,"href":"https:\/\/www.pisanov.com\/bg\/wp-json\/wp\/v2\/pages\/160\/revisions\/666"}],"wp:attachment":[{"href":"https:\/\/www.pisanov.com\/bg\/wp-json\/wp\/v2\/media?parent=160"}],"curies":[{"name":"wp","href":"https:\/\/api.w.org\/{rel}","templated":true}]}}