{"id":15,"date":"2017-07-11T11:55:48","date_gmt":"2017-07-11T09:55:48","guid":{"rendered":"https:\/\/www.pisanov.com\/?page_id=15"},"modified":"2025-04-02T17:54:14","modified_gmt":"2025-04-02T15:54:14","slug":"home","status":"publish","type":"page","link":"https:\/\/www.pisanov.com\/bg\/","title":{"rendered":"\u0428\u0415\u0424 \u041f\u0418\u0421\u0410\u041d\u041e\u0412 \u041e\u0422\u041a\u0420\u0418 \u0411\u042a\u041b\u0413\u0410\u0420\u041e-\u0424\u0420\u0415\u041d\u0421\u041a\u0418 \u041c\u0410\u0413\u0410\u0417\u0418\u041d \u0412 \u0421\u042a\u0420\u0426\u0415\u0422\u041e \u041d\u0410 \u041f\u0410\u0420\u0418\u0416"},"content":{"rendered":"<div style=\"width: 1140px;\" class=\"wp-video\"><!--[if lt IE 9]><script>document.createElement('video');<\/script><![endif]-->\n<video class=\"wp-video-shortcode\" id=\"video-15-1\" width=\"1140\" height=\"641\" preload=\"metadata\" controls=\"controls\"><source type=\"video\/mp4\" src=\"https:\/\/www.pisanov.com\/wp-content\/uploads\/2023\/04\/dANCE-traditionel_horo_resto_22.mp4?_=1\" \/><a href=\"https:\/\/www.pisanov.com\/wp-content\/uploads\/2023\/04\/dANCE-traditionel_horo_resto_22.mp4\">https:\/\/www.pisanov.com\/wp-content\/uploads\/2023\/04\/dANCE-traditionel_horo_resto_22.mp4<\/a><\/video><\/div>\n<figure id=\"attachment_13159\" aria-describedby=\"caption-attachment-13159\" style=\"width: 300px\" class=\"wp-caption alignnone\"><a href=\"https:\/\/www.pisanov.com\/wp-content\/uploads\/2023\/04\/20230212_131449-scaled.jpg\"><img loading=\"lazy\" decoding=\"async\" class=\"size-medium wp-image-13159\" src=\"https:\/\/www.pisanov.com\/wp-content\/uploads\/2023\/04\/20230212_131449-300x225.jpg\" alt=\"Restaurant salle\" width=\"300\" height=\"225\" srcset=\"https:\/\/www.pisanov.com\/wp-content\/uploads\/2023\/04\/20230212_131449-300x225.jpg 300w, https:\/\/www.pisanov.com\/wp-content\/uploads\/2023\/04\/20230212_131449-1024x768.jpg 1024w, https:\/\/www.pisanov.com\/wp-content\/uploads\/2023\/04\/20230212_131449-768x576.jpg 768w, https:\/\/www.pisanov.com\/wp-content\/uploads\/2023\/04\/20230212_131449-1536x1152.jpg 1536w, https:\/\/www.pisanov.com\/wp-content\/uploads\/2023\/04\/20230212_131449-2048x1536.jpg 2048w, https:\/\/www.pisanov.com\/wp-content\/uploads\/2023\/04\/20230212_131449-1140x855.jpg 1140w\" sizes=\"auto, (max-width: 300px) 100vw, 300px\" \/><\/a><figcaption id=\"caption-attachment-13159\" class=\"wp-caption-text\">Salle de receptions<\/figcaption><\/figure>\n<figure id=\"attachment_13147\" aria-describedby=\"caption-attachment-13147\" style=\"width: 225px\" class=\"wp-caption alignnone\"><a href=\"https:\/\/www.pisanov.com\/wp-content\/uploads\/2023\/04\/20220917_135838-scaled.jpg\"><img loading=\"lazy\" decoding=\"async\" class=\"size-medium wp-image-13147\" src=\"https:\/\/www.pisanov.com\/wp-content\/uploads\/2023\/04\/20220917_135838-225x300.jpg\" alt=\"\" width=\"225\" height=\"300\" srcset=\"https:\/\/www.pisanov.com\/wp-content\/uploads\/2023\/04\/20220917_135838-225x300.jpg 225w, https:\/\/www.pisanov.com\/wp-content\/uploads\/2023\/04\/20220917_135838-768x1024.jpg 768w, https:\/\/www.pisanov.com\/wp-content\/uploads\/2023\/04\/20220917_135838-1152x1536.jpg 1152w, https:\/\/www.pisanov.com\/wp-content\/uploads\/2023\/04\/20220917_135838-1536x2048.jpg 1536w, https:\/\/www.pisanov.com\/wp-content\/uploads\/2023\/04\/20220917_135838-1140x1520.jpg 1140w, https:\/\/www.pisanov.com\/wp-content\/uploads\/2023\/04\/20220917_135838-scaled.jpg 1920w\" sizes=\"auto, (max-width: 225px) 100vw, 225px\" \/><\/a><figcaption id=\"caption-attachment-13147\" class=\"wp-caption-text\">Restaurant Chez IVAN<\/figcaption><\/figure>\n<figure id=\"attachment_13146\" aria-describedby=\"caption-attachment-13146\" style=\"width: 225px\" class=\"wp-caption alignnone\"><a href=\"https:\/\/www.pisanov.com\/wp-content\/uploads\/2023\/04\/20220917_135746-scaled.jpg\"><img loading=\"lazy\" decoding=\"async\" class=\"size-medium wp-image-13146\" src=\"https:\/\/www.pisanov.com\/wp-content\/uploads\/2023\/04\/20220917_135746-225x300.jpg\" alt=\"\" width=\"225\" height=\"300\" srcset=\"https:\/\/www.pisanov.com\/wp-content\/uploads\/2023\/04\/20220917_135746-225x300.jpg 225w, https:\/\/www.pisanov.com\/wp-content\/uploads\/2023\/04\/20220917_135746-768x1024.jpg 768w, https:\/\/www.pisanov.com\/wp-content\/uploads\/2023\/04\/20220917_135746-1152x1536.jpg 1152w, https:\/\/www.pisanov.com\/wp-content\/uploads\/2023\/04\/20220917_135746-1536x2048.jpg 1536w, https:\/\/www.pisanov.com\/wp-content\/uploads\/2023\/04\/20220917_135746-1140x1520.jpg 1140w, https:\/\/www.pisanov.com\/wp-content\/uploads\/2023\/04\/20220917_135746-scaled.jpg 1920w\" sizes=\"auto, (max-width: 225px) 100vw, 225px\" \/><\/a><figcaption id=\"caption-attachment-13146\" class=\"wp-caption-text\">la Terasse a 40 places<\/figcaption><\/figure>\n<figure id=\"attachment_13142\" aria-describedby=\"caption-attachment-13142\" style=\"width: 225px\" class=\"wp-caption alignnone\"><a href=\"https:\/\/www.pisanov.com\/wp-content\/uploads\/2023\/04\/20220809_121224-scaled.jpg\"><img loading=\"lazy\" decoding=\"async\" class=\"size-medium wp-image-13142\" src=\"https:\/\/www.pisanov.com\/wp-content\/uploads\/2023\/04\/20220809_121224-225x300.jpg\" alt=\"\" width=\"225\" height=\"300\" srcset=\"https:\/\/www.pisanov.com\/wp-content\/uploads\/2023\/04\/20220809_121224-225x300.jpg 225w, https:\/\/www.pisanov.com\/wp-content\/uploads\/2023\/04\/20220809_121224-768x1024.jpg 768w, https:\/\/www.pisanov.com\/wp-content\/uploads\/2023\/04\/20220809_121224-1152x1536.jpg 1152w, https:\/\/www.pisanov.com\/wp-content\/uploads\/2023\/04\/20220809_121224-1536x2048.jpg 1536w, https:\/\/www.pisanov.com\/wp-content\/uploads\/2023\/04\/20220809_121224-1140x1520.jpg 1140w, https:\/\/www.pisanov.com\/wp-content\/uploads\/2023\/04\/20220809_121224-scaled.jpg 1920w\" sizes=\"auto, (max-width: 225px) 100vw, 225px\" \/><\/a><figcaption id=\"caption-attachment-13142\" class=\"wp-caption-text\">Rentr\u00e9e du magasin CCB SPARTACUS<\/figcaption><\/figure>\n<p>\u041f\u0440\u0435\u0437 \u044e\u043d\u0438 2017 \u0433 \u0441\u0435 \u043e\u0442\u043a\u0440\u0438 \u0431\u044a\u043b\u0433\u0430\u0440\u043e \u2013 \u0444\u0440\u0435\u043d\u0441\u043a\u0438 \u043c\u0430\u0433\u0430\u0437\u0438\u043d \u0441 \u043a\u0435\u0442\u0435\u0440\u0438\u043d\u0433 \u0432 \u0441\u044a\u0440\u0446\u0435\u0442\u043e \u043d\u0430 \u041f\u0430\u0440\u0438\u0436. \u041e\u0441\u043d\u043e\u0432\u043d\u0430\u0442\u0430 \u043a\u043e\u043d\u0446\u0435\u043f\u0446\u0438\u044f \u043d\u0430 \u043c\u0430\u0433\u0430\u0437\u0438\u043d\u0430 \u0435 \u0434\u0430 \u0441\u0432\u044a\u0440\u0436\u0435 \u0434\u0432\u0435\u0442\u0435 \u043a\u0443\u043b\u0442\u0443\u0440\u0438, \u0434\u0430 \u0433\u0438 \u0441\u043c\u0435\u0441\u0438 \u0438 \u0447\u0440\u0435\u0437 \u043d\u043e\u0432\u0438\u0442\u0435 \u0440\u0435\u0446\u0435\u043f\u0442\u0438 \u0434\u0430 \u043f\u0440\u0435\u0434\u0441\u0442\u0430\u0432\u044f \u0438 \u0440\u0430\u0437\u043f\u0440\u043e\u0441\u0442\u0440\u0430\u043d\u044f\u0432\u0430 \u0431\u044a\u043b\u0433\u0430\u0440\u0441\u043a\u0430\u0442\u0430 \u043a\u0443\u043b\u0438\u043d\u0430\u0440\u043d\u0430 \u0442\u0440\u0430\u0434\u0438\u0446\u0438\u044f \u043f\u0440\u0435\u0434 \u0444\u0440\u0435\u043d\u0441\u043a\u0430 \u0438 \u043c\u0435\u0436\u0434\u0443\u043d\u0430\u0440\u043e\u0434\u043d\u0430 \u043f\u0443\u0431\u043b\u0438\u043a\u0430. \u00a0\u041d\u0435 \u0441\u043b\u0443\u0447\u0430\u0439\u043d\u043e \u0435 \u0438\u0437\u0431\u0440\u0430\u043d\u043e \u043c\u044f\u0441\u0442\u043e\u0442\u043e \u0431\u043b\u0438\u0437\u043e \u0434\u043e \u042e\u043d\u0435\u0441\u043a\u043e, \u043a\u043e\u0435\u0442\u043e \u043f\u043e\u0437\u0432\u043e\u043b\u044f\u0432\u0430 \u0434\u0430 \u043f\u043e\u043a\u0430\u0436\u0435\u043c \u0431\u044a\u043b\u0433\u0430\u0440\u0441\u043a\u0430\u0442\u0430 \u043a\u0443\u0445\u043d\u044f \u043d\u0430\u0440\u0430\u0432\u043d\u043e \u0441 \u0434\u0440\u0443\u0433\u0438\u0442\u0435 \u043a\u0443\u043b\u0438\u043d\u0430\u0440\u043d\u0438 \u0442\u0440\u0430\u0434\u0438\u0446\u0438\u0438.<\/p>\n<p>\u041c\u043e\u0436\u0435\u0442\u0435 \u0434\u0430 \u0441\u0435 \u0434\u043e\u0432\u0435\u0440\u0438\u0442\u0435 \u043d\u0430 \u043e\u0433\u0440\u043e\u043c\u043d\u0438\u044f \u043a\u0443\u043b\u0438\u043d\u0430\u0440\u0435\u043d \u043e\u043f\u0438\u0442 \u043d\u0430 \u0441\u043e\u0431\u0441\u0442\u0432\u0435\u043d\u0438\u0446\u0438\u0442\u0435, \u00a0\u0440\u0430\u0431\u043e\u0442\u0438\u043b\u0438 \u0434\u044a\u043b\u0433\u0438 \u0433\u043e\u0434\u0438\u043d\u0438 \u0437\u0430\u0435\u0434\u043d\u043e \u0441 \u0448\u0435\u0444\u043e\u0432\u0435 \u043a\u0430\u0442\u043e \u0410\u043b\u0435\u043d \u0414\u044e\u043a\u0430\u0441, \u041a\u0440\u0438\u0441\u0442\u0438\u0430\u043d \u041a\u043e\u043d\u0441\u0442\u0430\u043d, \u0410\u043b\u0435\u043d \u041f\u0435\u0433\u0443\u0440\u0435, \u041a\u0440\u0438\u0441\u0442\u043e\u0444 \u041c\u043e\u0440\u0435 \u0438 \u0434\u0440\u0443\u0433\u0438.<\/p>\n<p><strong>\u0410 \u043f\u0440\u0435\u0437 \u0441\u0435\u043f\u0442\u0435\u043c\u0432\u0440\u0438 2020 \u0433\u043e\u0434\u0438\u043d\u0430 \u0441\u0435 \u043e\u0442\u043a\u0440\u0438 \u0432\u0442\u043e\u0440\u0438 \u0445\u0440\u0430\u043d\u0438\u0442\u0435\u043b\u0435\u043d \u043c\u0430\u0433\u0430\u0437\u0438\u043d \u041d\u0430\u0440\u0435\u0447\u0435\u043d \u0421\u041f\u0410\u0420\u0422\u0410\u041a, \u043a\u043e\u0439\u0442\u043e \u043e\u0431\u0430\u0447\u0435 \u0432\u0435\u0447\u0435 \u0435 \u0441 \u0435\u0434\u0438\u043d \u0445\u0443\u0431\u0430\u0432 \u0440\u0435\u0441\u0442\u043e\u0440\u0430\u043d\u0442 \u0437\u0430 60 \u0447\u043e\u0432\u0435\u043a\u0430, \u0437\u0430\u043b\u0430 \u0437\u0430 \u0441\u0435\u043c\u0435\u0439\u043d\u0438 \u043f\u0440\u0430\u0437\u043d\u0435\u043d\u0441\u0442\u0432\u0430, \u043a\u0440\u044a\u0449\u0435\u043d\u0435\u0442\u0430, \u0440\u043e\u0436\u0434\u0435\u043d\u043d\u0438 \u0434\u043d\u0438 \u0438 \u0441\u0432\u0430\u0442\u0431\u0438.<\/strong><\/p>\n<p>\u0420\u0435\u0441\u0442\u043e\u0440\u0430\u043d\u0442 \u041c\u0435\u0445\u0430\u043d\u0430 &#8220;\u041f\u0440\u0438 \u0418\u0432\u0430\u043d\u044a &#8221;<\/p>\n<p>136 RUE DESCARTES FONTENAY-SOUS-BOIS 94120<\/p>\n<p>TEL\/ 0981076662<\/p>\n<p>&nbsp;<\/p>\n<h2>\u041e\u0422\u041a\u0420\u0418\u0412\u0410\u041d\u0415<\/h2>\n<!--[if lt IE 9]><script>document.createElement('video');<\/script><![endif]-->\n\t<div class=\"wp-playlist wp-video-playlist wp-playlist-light\">\n\t\t<video controls=\"controls\" preload=\"none\" width=\"1118\"\n\t\t height=\"626\"\t><\/video>\n\t<div class=\"wp-playlist-next\"><\/div>\n\t<div class=\"wp-playlist-prev\"><\/div>\n\t<noscript>\n\t<ol>\n\t\t<li><a href='https:\/\/www.pisanov.com\/wp-content\/uploads\/2017\/07\/inauguration.mp4'>PISANOV |  \u00c9picerie Fine & Traiteur Paris 75015<\/a><\/li>\t<\/ol>\n\t<\/noscript>\n\t<script type=\"application\/json\" class=\"wp-playlist-script\">{\"type\":\"video\",\"tracklist\":true,\"tracknumbers\":true,\"images\":true,\"artists\":true,\"tracks\":[{\"src\":\"https:\\\/\\\/www.pisanov.com\\\/wp-content\\\/uploads\\\/2017\\\/07\\\/inauguration.mp4\",\"type\":\"video\\\/mp4\",\"title\":\"PISANOV |  \\u00c9picerie Fine & Traiteur Paris 75015\",\"caption\":\"Inauguration | Pisanov \",\"description\":\"\",\"meta\":{\"length_formatted\":\"1:41\"},\"dimensions\":{\"original\":{\"width\":400,\"height\":224},\"resized\":{\"width\":1118,\"height\":626}},\"image\":{\"src\":\"https:\\\/\\\/www.pisanov.com\\\/wp-includes\\\/images\\\/media\\\/video.svg\",\"width\":48,\"height\":64},\"thumb\":{\"src\":\"https:\\\/\\\/www.pisanov.com\\\/wp-includes\\\/images\\\/media\\\/video.svg\",\"width\":48,\"height\":64}}]}<\/script>\n<\/div>\n\t\n","protected":false},"excerpt":{"rendered":"<p>\u041f\u0440\u0435\u0437 \u044e\u043d\u0438 2017 \u0433 \u0441\u0435 \u043e\u0442\u043a\u0440\u0438 \u0431\u044a\u043b\u0433\u0430\u0440\u043e \u2013 \u0444\u0440\u0435\u043d\u0441\u043a\u0438 \u043c\u0430\u0433\u0430\u0437\u0438\u043d \u0441 \u043a\u0435\u0442\u0435\u0440\u0438\u043d\u0433 \u0432 \u0441\u044a\u0440\u0446\u0435\u0442\u043e \u043d\u0430 \u041f\u0430\u0440\u0438\u0436. \u041e\u0441\u043d\u043e\u0432\u043d\u0430\u0442\u0430 \u043a\u043e\u043d\u0446\u0435\u043f\u0446\u0438\u044f \u043d\u0430 \u043c\u0430\u0433\u0430\u0437\u0438\u043d\u0430 \u0435 \u0434\u0430 \u0441\u0432\u044a\u0440\u0436\u0435 \u0434\u0432\u0435\u0442\u0435 \u043a\u0443\u043b\u0442\u0443\u0440\u0438, \u0434\u0430 \u0433\u0438 \u0441\u043c\u0435\u0441\u0438 \u0438 \u0447\u0440\u0435\u0437 \u043d\u043e\u0432\u0438\u0442\u0435 \u0440\u0435\u0446\u0435\u043f\u0442\u0438 \u0434\u0430 \u043f\u0440\u0435\u0434\u0441\u0442\u0430\u0432\u044f \u0438 \u0440\u0430\u0437\u043f\u0440\u043e\u0441\u0442\u0440\u0430\u043d\u044f\u0432\u0430 \u0431\u044a\u043b\u0433\u0430\u0440\u0441\u043a\u0430\u0442\u0430 \u043a\u0443\u043b\u0438\u043d\u0430\u0440\u043d\u0430 \u0442\u0440\u0430\u0434\u0438\u0446\u0438\u044f \u043f\u0440\u0435\u0434 \u0444\u0440\u0435\u043d\u0441\u043a\u0430 \u0438 \u043c\u0435\u0436\u0434\u0443\u043d\u0430\u0440\u043e\u0434\u043d\u0430 \u043f\u0443\u0431\u043b\u0438\u043a\u0430. \u00a0\u041d\u0435 \u0441\u043b\u0443\u0447\u0430\u0439\u043d\u043e \u0435 \u0438\u0437\u0431\u0440\u0430\u043d\u043e \u043c\u044f\u0441\u0442\u043e\u0442\u043e \u0431\u043b\u0438\u0437\u043e \u0434\u043e \u042e\u043d\u0435\u0441\u043a\u043e, \u043a\u043e\u0435\u0442\u043e \u043f\u043e\u0437\u0432\u043e\u043b\u044f\u0432\u0430 \u0434\u0430<span class=\"excerpt-ellipsis\">&#8230;<\/span><\/p>\n<p><a class=\"more-link\" href=\"https:\/\/www.pisanov.com\/bg\/\" itemprop=\"url\">Continue Reading<\/a><\/p>\n","protected":false},"author":1,"featured_media":0,"parent":0,"menu_order":0,"comment_status":"closed","ping_status":"closed","template":"","meta":{"footnotes":""},"class_list":["post-15","page","type-page","status-publish","hentry"],"translation":{"provider":"WPGlobus","version":"3.0.0","language":"bg","enabled_languages":["fr","bg"],"languages":{"fr":{"title":true,"content":true,"excerpt":false},"bg":{"title":true,"content":true,"excerpt":false}}},"yoast_head":"<!-- This site is optimized with the Yoast SEO plugin v24.8 - https:\/\/yoast.com\/wordpress\/plugins\/seo\/ -->\n<title>Restaurant Pisanov\/ Restaurant Chez&quot; IVAN&quot; | \u00c9picerie Fine &amp; Traiteur Franco-Bulgare<\/title>\n<meta name=\"robots\" content=\"index, follow, max-snippet:-1, max-image-preview:large, max-video-preview:-1\" \/>\n<link rel=\"canonical\" href=\"https:\/\/www.pisanov.com\/\" \/>\n<meta property=\"og:locale\" content=\"bg_BG\" \/>\n<meta property=\"og:type\" content=\"article\" \/>\n<meta property=\"og:title\" content=\"\u0428\u0415\u0424 \u041f\u0418\u0421\u0410\u041d\u041e\u0412 \u041e\u0422\u041a\u0420\u0418 \u0411\u042a\u041b\u0413\u0410\u0420\u041e-\u0424\u0420\u0415\u041d\u0421\u041a\u0418 \u041c\u0410\u0413\u0410\u0417\u0418\u041d \u0412 \u0421\u042a\u0420\u0426\u0415\u0422\u041e \u041d\u0410 \u041f\u0410\u0420\u0418\u0416 - Pisanov\" \/>\n<meta property=\"og:url\" content=\"https:\/\/www.pisanov.com\/\" \/>\n<meta property=\"og:site_name\" content=\"Pisanov\" \/>\n<meta property=\"article:modified_time\" content=\"2025-04-02T15:54:14+00:00\" \/>\n<meta property=\"og:image\" content=\"https:\/\/www.pisanov.com\/wp-content\/uploads\/2023\/04\/20230212_131449-300x225.jpg\" \/>\n<meta name=\"twitter:card\" content=\"summary_large_image\" \/>\n<meta name=\"twitter:label1\" content=\"Est. reading time\" \/>\n\t<meta name=\"twitter:data1\" content=\"2 minutes\" \/>\n<script type=\"application\/ld+json\" class=\"yoast-schema-graph\">{\"@context\":\"https:\/\/schema.org\",\"@graph\":[{\"@type\":\"WebPage\",\"@id\":\"https:\/\/www.pisanov.com\/\",\"url\":\"https:\/\/www.pisanov.com\/\",\"name\":\"Restaurant Pisanov\/ Restaurant Chez\\\" IVAN\\\" | \u00c9picerie Fine & Traiteur Franco-Bulgare\",\"isPartOf\":{\"@id\":\"https:\/\/www.pisanov.com\/#website\"},\"primaryImageOfPage\":{\"@id\":\"https:\/\/www.pisanov.com\/#primaryimage\"},\"image\":{\"@id\":\"https:\/\/www.pisanov.com\/#primaryimage\"},\"thumbnailUrl\":\"https:\/\/www.pisanov.com\/wp-content\/uploads\/2023\/04\/20230212_131449-300x225.jpg\",\"datePublished\":\"2017-07-11T09:55:48+00:00\",\"dateModified\":\"2025-04-02T15:54:14+00:00\",\"description\":\"Restaurant Franco-Bulgare, home made,fait-maison, produits r\u00e9gionaux, bio,. D\u00e9gustation de vins, restauration sur place ou plats \u00e0 emporter. Pisanov 6 Rue C\u00e9sar Franck, 75015 Paris - Contactez-nous au 01 42 72 27 61 ou 07 71 87 15 12\",\"breadcrumb\":{\"@id\":\"https:\/\/www.pisanov.com\/#breadcrumb\"},\"inLanguage\":\"bg\",\"potentialAction\":[{\"@type\":\"ReadAction\",\"target\":[\"https:\/\/www.pisanov.com\/\"]}]},{\"@type\":\"ImageObject\",\"inLanguage\":\"bg\",\"@id\":\"https:\/\/www.pisanov.com\/#primaryimage\",\"url\":\"https:\/\/www.pisanov.com\/wp-content\/uploads\/2023\/04\/20230212_131449-300x225.jpg\",\"contentUrl\":\"https:\/\/www.pisanov.com\/wp-content\/uploads\/2023\/04\/20230212_131449-300x225.jpg\"},{\"@type\":\"BreadcrumbList\",\"@id\":\"https:\/\/www.pisanov.com\/#breadcrumb\",\"itemListElement\":[{\"@type\":\"ListItem\",\"position\":1,\"name\":\"Accueil\",\"item\":\"https:\/\/www.pisanov.com\/\"},{\"@type\":\"ListItem\",\"position\":2,\"name\":\"Restaurant \u00c9picerie Fine &#038; Traiteur Franco-Bulgare\"}]},{\"@type\":\"WebSite\",\"@id\":\"https:\/\/www.pisanov.com\/#website\",\"url\":\"https:\/\/www.pisanov.com\/\",\"name\":\"Pisanov\",\"description\":\"\u00c9picerie Fine &amp; Traiteur &amp; Bulgarien yogurt\",\"potentialAction\":[{\"@type\":\"SearchAction\",\"target\":{\"@type\":\"EntryPoint\",\"urlTemplate\":\"https:\/\/www.pisanov.com\/?s={search_term_string}\"},\"query-input\":{\"@type\":\"PropertyValueSpecification\",\"valueRequired\":true,\"valueName\":\"search_term_string\"}}],\"inLanguage\":\"bg\"}]}<\/script>\n<!-- \/ Yoast SEO plugin. -->","yoast_head_json":{"title":"Restaurant Pisanov\/ Restaurant Chez\" IVAN\" | \u00c9picerie Fine & Traiteur Franco-Bulgare","robots":{"index":"index","follow":"follow","max-snippet":"max-snippet:-1","max-image-preview":"max-image-preview:large","max-video-preview":"max-video-preview:-1"},"canonical":"https:\/\/www.pisanov.com\/","og_locale":"bg_BG","og_type":"article","og_title":"\u0428\u0415\u0424 \u041f\u0418\u0421\u0410\u041d\u041e\u0412 \u041e\u0422\u041a\u0420\u0418 \u0411\u042a\u041b\u0413\u0410\u0420\u041e-\u0424\u0420\u0415\u041d\u0421\u041a\u0418 \u041c\u0410\u0413\u0410\u0417\u0418\u041d \u0412 \u0421\u042a\u0420\u0426\u0415\u0422\u041e \u041d\u0410 \u041f\u0410\u0420\u0418\u0416 - Pisanov","og_url":"https:\/\/www.pisanov.com\/","og_site_name":"Pisanov","article_modified_time":"2025-04-02T15:54:14+00:00","og_image":[{"url":"https:\/\/www.pisanov.com\/wp-content\/uploads\/2023\/04\/20230212_131449-300x225.jpg","type":"","width":"","height":""}],"twitter_card":"summary_large_image","twitter_misc":{"Est. reading time":"2 minutes"},"schema":{"@context":"https:\/\/schema.org","@graph":[{"@type":"WebPage","@id":"https:\/\/www.pisanov.com\/","url":"https:\/\/www.pisanov.com\/","name":"Restaurant Pisanov\/ Restaurant Chez\" IVAN\" | \u00c9picerie Fine & Traiteur Franco-Bulgare","isPartOf":{"@id":"https:\/\/www.pisanov.com\/#website"},"primaryImageOfPage":{"@id":"https:\/\/www.pisanov.com\/#primaryimage"},"image":{"@id":"https:\/\/www.pisanov.com\/#primaryimage"},"thumbnailUrl":"https:\/\/www.pisanov.com\/wp-content\/uploads\/2023\/04\/20230212_131449-300x225.jpg","datePublished":"2017-07-11T09:55:48+00:00","dateModified":"2025-04-02T15:54:14+00:00","description":"Restaurant Franco-Bulgare, home made,fait-maison, produits r\u00e9gionaux, bio,. D\u00e9gustation de vins, restauration sur place ou plats \u00e0 emporter. Pisanov 6 Rue C\u00e9sar Franck, 75015 Paris - Contactez-nous au 01 42 72 27 61 ou 07 71 87 15 12","breadcrumb":{"@id":"https:\/\/www.pisanov.com\/#breadcrumb"},"inLanguage":"bg","potentialAction":[{"@type":"ReadAction","target":["https:\/\/www.pisanov.com\/"]}]},{"@type":"ImageObject","inLanguage":"bg","@id":"https:\/\/www.pisanov.com\/#primaryimage","url":"https:\/\/www.pisanov.com\/wp-content\/uploads\/2023\/04\/20230212_131449-300x225.jpg","contentUrl":"https:\/\/www.pisanov.com\/wp-content\/uploads\/2023\/04\/20230212_131449-300x225.jpg"},{"@type":"BreadcrumbList","@id":"https:\/\/www.pisanov.com\/#breadcrumb","itemListElement":[{"@type":"ListItem","position":1,"name":"Accueil","item":"https:\/\/www.pisanov.com\/"},{"@type":"ListItem","position":2,"name":"Restaurant \u00c9picerie Fine &#038; Traiteur Franco-Bulgare"}]},{"@type":"WebSite","@id":"https:\/\/www.pisanov.com\/#website","url":"https:\/\/www.pisanov.com\/","name":"Pisanov","description":"\u00c9picerie Fine &amp; Traiteur &amp; Bulgarien yogurt","potentialAction":[{"@type":"SearchAction","target":{"@type":"EntryPoint","urlTemplate":"https:\/\/www.pisanov.com\/?s={search_term_string}"},"query-input":{"@type":"PropertyValueSpecification","valueRequired":true,"valueName":"search_term_string"}}],"inLanguage":"bg"}]}},"_links":{"self":[{"href":"https:\/\/www.pisanov.com\/bg\/wp-json\/wp\/v2\/pages\/15","targetHints":{"allow":["GET"]}}],"collection":[{"href":"https:\/\/www.pisanov.com\/bg\/wp-json\/wp\/v2\/pages"}],"about":[{"href":"https:\/\/www.pisanov.com\/bg\/wp-json\/wp\/v2\/types\/page"}],"author":[{"embeddable":true,"href":"https:\/\/www.pisanov.com\/bg\/wp-json\/wp\/v2\/users\/1"}],"replies":[{"embeddable":true,"href":"https:\/\/www.pisanov.com\/bg\/wp-json\/wp\/v2\/comments?post=15"}],"version-history":[{"count":80,"href":"https:\/\/www.pisanov.com\/bg\/wp-json\/wp\/v2\/pages\/15\/revisions"}],"predecessor-version":[{"id":121,"href":"https:\/\/www.pisanov.com\/bg\/wp-json\/wp\/v2\/pages\/15\/revisions\/121"}],"wp:attachment":[{"href":"https:\/\/www.pisanov.com\/bg\/wp-json\/wp\/v2\/media?parent=15"}],"curies":[{"name":"wp","href":"https:\/\/api.w.org\/{rel}","templated":true}]}}