{"id":133,"date":"2017-07-16T11:10:39","date_gmt":"2017-07-16T09:10:39","guid":{"rendered":"https:\/\/www.pisanov.com\/?page_id=133"},"modified":"2021-03-14T10:06:45","modified_gmt":"2021-03-14T09:06:45","slug":"infos","status":"publish","type":"page","link":"https:\/\/www.pisanov.com\/bg\/infos\/","title":{"rendered":"\u0425\u0420\u0410\u041d\u0410 \u0417\u0410 \u0412\u041a\u042a\u0429\u0418, PLATS FAIT MAISON \u00e0 emporter ou sur place !"},"content":{"rendered":"<h2>Infos pratiques:<\/h2>\n<p>Ambassade de la Bulgarie \u00e0 Paris &#8211;\u00a0<a href=\"http:\/\/www.ambbulgarie.fr\/\" target=\"_blank\" rel=\"noopener noreferrer\">site web<\/a><\/p>\n<p>\u00c9glise Orthodoxe Bulgare &#8211; <a href=\"http:\/\/www.paroissebg.fr\/\" target=\"_blank\" rel=\"noopener noreferrer\">site web<\/a><\/p>\n<h2>Le Quartier<\/h2>\n<p><span style=\"text-decoration: underline;\">Le march\u00e9 ouvert<\/span> Avenue de Saxe \u00e0 20 m\u00e8tres de la boutique, chaque jeudi et samedi.<\/p>\n","protected":false},"excerpt":{"rendered":"<p>Infos pratiques: Ambassade de la Bulgarie \u00e0 Paris &#8211;\u00a0site web \u00c9glise Orthodoxe Bulgare &#8211; site web Le Quartier Le march\u00e9 ouvert Avenue de Saxe \u00e0 20 m\u00e8tres de la boutique, chaque jeudi et samedi.<\/p>\n","protected":false},"author":1,"featured_media":0,"parent":0,"menu_order":0,"comment_status":"closed","ping_status":"closed","template":"","meta":{"footnotes":""},"class_list":["post-133","page","type-page","status-publish","hentry"],"translation":{"provider":"WPGlobus","version":"3.0.0","language":"bg","enabled_languages":["fr","bg"],"languages":{"fr":{"title":true,"content":true,"excerpt":false},"bg":{"title":false,"content":false,"excerpt":false}}},"yoast_head":"<!-- This site is optimized with the Yoast SEO plugin v24.8 - https:\/\/yoast.com\/wordpress\/plugins\/seo\/ -->\n<title>\u0425\u0420\u0410\u041d\u0410 \u0417\u0410 \u0412\u041a\u042a\u0429\u0418, PLATS FAIT MAISON \u00e0 emporter ou sur place ! - Pisanov<\/title>\n<meta name=\"robots\" content=\"index, follow, max-snippet:-1, max-image-preview:large, max-video-preview:-1\" \/>\n<link rel=\"canonical\" href=\"https:\/\/www.pisanov.com\/infos\/\" \/>\n<meta property=\"og:locale\" content=\"bg_BG\" \/>\n<meta property=\"og:type\" content=\"article\" \/>\n<meta property=\"og:title\" content=\"\u0425\u0420\u0410\u041d\u0410 \u0417\u0410 \u0412\u041a\u042a\u0429\u0418, PLATS FAIT MAISON \u00e0 emporter ou sur place ! - Pisanov\" \/>\n<meta property=\"og:url\" content=\"https:\/\/www.pisanov.com\/infos\/\" \/>\n<meta property=\"og:site_name\" content=\"Pisanov\" \/>\n<meta property=\"article:modified_time\" content=\"2021-03-14T09:06:45+00:00\" \/>\n<meta name=\"twitter:card\" content=\"summary_large_image\" \/>\n<script type=\"application\/ld+json\" class=\"yoast-schema-graph\">{\"@context\":\"https:\/\/schema.org\",\"@graph\":[{\"@type\":\"WebPage\",\"@id\":\"https:\/\/www.pisanov.com\/infos\/\",\"url\":\"https:\/\/www.pisanov.com\/infos\/\",\"name\":\"\u0425\u0420\u0410\u041d\u0410 \u0417\u0410 \u0412\u041a\u042a\u0429\u0418, PLATS FAIT MAISON \u00e0 emporter ou sur place ! - Pisanov\",\"isPartOf\":{\"@id\":\"https:\/\/www.pisanov.com\/#website\"},\"datePublished\":\"2017-07-16T09:10:39+00:00\",\"dateModified\":\"2021-03-14T09:06:45+00:00\",\"breadcrumb\":{\"@id\":\"https:\/\/www.pisanov.com\/infos\/#breadcrumb\"},\"inLanguage\":\"bg\",\"potentialAction\":[{\"@type\":\"ReadAction\",\"target\":[\"https:\/\/www.pisanov.com\/infos\/\"]}]},{\"@type\":\"BreadcrumbList\",\"@id\":\"https:\/\/www.pisanov.com\/infos\/#breadcrumb\",\"itemListElement\":[{\"@type\":\"ListItem\",\"position\":1,\"name\":\"Accueil\",\"item\":\"https:\/\/www.pisanov.com\/\"},{\"@type\":\"ListItem\",\"position\":2,\"name\":\"\u0425\u0420\u0410\u041d\u0410 \u0417\u0410 \u0412\u041a\u042a\u0429\u0418, PLATS FAIT MAISON \u00e0 emporter ou sur place !\"}]},{\"@type\":\"WebSite\",\"@id\":\"https:\/\/www.pisanov.com\/#website\",\"url\":\"https:\/\/www.pisanov.com\/\",\"name\":\"Pisanov\",\"description\":\"\u00c9picerie Fine &amp; Traiteur &amp; Bulgarien yogurt\",\"potentialAction\":[{\"@type\":\"SearchAction\",\"target\":{\"@type\":\"EntryPoint\",\"urlTemplate\":\"https:\/\/www.pisanov.com\/?s={search_term_string}\"},\"query-input\":{\"@type\":\"PropertyValueSpecification\",\"valueRequired\":true,\"valueName\":\"search_term_string\"}}],\"inLanguage\":\"bg\"}]}<\/script>\n<!-- \/ Yoast SEO plugin. -->","yoast_head_json":{"title":"\u0425\u0420\u0410\u041d\u0410 \u0417\u0410 \u0412\u041a\u042a\u0429\u0418, PLATS FAIT MAISON \u00e0 emporter ou sur place ! - Pisanov","robots":{"index":"index","follow":"follow","max-snippet":"max-snippet:-1","max-image-preview":"max-image-preview:large","max-video-preview":"max-video-preview:-1"},"canonical":"https:\/\/www.pisanov.com\/infos\/","og_locale":"bg_BG","og_type":"article","og_title":"\u0425\u0420\u0410\u041d\u0410 \u0417\u0410 \u0412\u041a\u042a\u0429\u0418, PLATS FAIT MAISON \u00e0 emporter ou sur place ! - Pisanov","og_url":"https:\/\/www.pisanov.com\/infos\/","og_site_name":"Pisanov","article_modified_time":"2021-03-14T09:06:45+00:00","twitter_card":"summary_large_image","schema":{"@context":"https:\/\/schema.org","@graph":[{"@type":"WebPage","@id":"https:\/\/www.pisanov.com\/infos\/","url":"https:\/\/www.pisanov.com\/infos\/","name":"\u0425\u0420\u0410\u041d\u0410 \u0417\u0410 \u0412\u041a\u042a\u0429\u0418, PLATS FAIT MAISON \u00e0 emporter ou sur place ! - Pisanov","isPartOf":{"@id":"https:\/\/www.pisanov.com\/#website"},"datePublished":"2017-07-16T09:10:39+00:00","dateModified":"2021-03-14T09:06:45+00:00","breadcrumb":{"@id":"https:\/\/www.pisanov.com\/infos\/#breadcrumb"},"inLanguage":"bg","potentialAction":[{"@type":"ReadAction","target":["https:\/\/www.pisanov.com\/infos\/"]}]},{"@type":"BreadcrumbList","@id":"https:\/\/www.pisanov.com\/infos\/#breadcrumb","itemListElement":[{"@type":"ListItem","position":1,"name":"Accueil","item":"https:\/\/www.pisanov.com\/"},{"@type":"ListItem","position":2,"name":"\u0425\u0420\u0410\u041d\u0410 \u0417\u0410 \u0412\u041a\u042a\u0429\u0418, PLATS FAIT MAISON \u00e0 emporter ou sur place !"}]},{"@type":"WebSite","@id":"https:\/\/www.pisanov.com\/#website","url":"https:\/\/www.pisanov.com\/","name":"Pisanov","description":"\u00c9picerie Fine &amp; Traiteur &amp; Bulgarien yogurt","potentialAction":[{"@type":"SearchAction","target":{"@type":"EntryPoint","urlTemplate":"https:\/\/www.pisanov.com\/?s={search_term_string}"},"query-input":{"@type":"PropertyValueSpecification","valueRequired":true,"valueName":"search_term_string"}}],"inLanguage":"bg"}]}},"_links":{"self":[{"href":"https:\/\/www.pisanov.com\/bg\/wp-json\/wp\/v2\/pages\/133","targetHints":{"allow":["GET"]}}],"collection":[{"href":"https:\/\/www.pisanov.com\/bg\/wp-json\/wp\/v2\/pages"}],"about":[{"href":"https:\/\/www.pisanov.com\/bg\/wp-json\/wp\/v2\/types\/page"}],"author":[{"embeddable":true,"href":"https:\/\/www.pisanov.com\/bg\/wp-json\/wp\/v2\/users\/1"}],"replies":[{"embeddable":true,"href":"https:\/\/www.pisanov.com\/bg\/wp-json\/wp\/v2\/comments?post=133"}],"version-history":[{"count":8,"href":"https:\/\/www.pisanov.com\/bg\/wp-json\/wp\/v2\/pages\/133\/revisions"}],"predecessor-version":[{"id":9071,"href":"https:\/\/www.pisanov.com\/bg\/wp-json\/wp\/v2\/pages\/133\/revisions\/9071"}],"wp:attachment":[{"href":"https:\/\/www.pisanov.com\/bg\/wp-json\/wp\/v2\/media?parent=133"}],"curies":[{"name":"wp","href":"https:\/\/api.w.org\/{rel}","templated":true}]}}